{"id":489,"date":"2015-10-30T15:33:39","date_gmt":"2015-10-30T15:33:39","guid":{"rendered":"http:\/\/www.talentohumano.cotecnova.edu.co\/?page_id=489"},"modified":"2020-12-11T08:27:38","modified_gmt":"2020-12-11T13:27:38","slug":"acuerdos","status":"publish","type":"page","link":"https:\/\/www.talentohumano.appcotecnova.es\/index.php\/acuerdos","title":{"rendered":"Acuerdos"},"content":{"rendered":"<div class=\"tabcontainer   top_tab  \">\n\n<section class=\"av_tab_section\"  itemscope=\"itemscope\" itemtype=\"https:\/\/schema.org\/CreativeWork\" >    <div data-fake-id=\"#tab-id-1\" class=\"tab active_tab\"  itemprop=\"headline\" ><span class='tab_icon' aria-hidden='true' data-av_icon='\ue82a' data-av_iconfont='entypo-fontello'><\/span>Acuerdo N\u00b0 009-2016<\/div>\n    <div id=\"tab-id-1-container\" class=\"tab_content active_tab_content\">\n        <div class=\"tab_inner_content invers-color\"  itemprop=\"text\" >\n<p><a href=\"https:\/\/www.talentohumano.appcotecnova.es\/wp-content\/uploads\/2020\/11\/Acuerdos\/Acuerdo_Nro_009-2016-Reglamento-apoyos.pdf\" target=\"_blank\" rel=\"noopener\">Acuerdo N\u00b0 009-2016 Por medio del cual se actualiza el reglamento para la asignaci\u00f3n de apoyos econ\u00f3micos para formaci\u00f3n de pregrado y postgrado del personal de planta: docentes, investigadores y personal administrativo<\/a><\/p>\n\n        <\/div>\n    <\/div>\n<\/section>\n\n<section class=\"av_tab_section\"  itemscope=\"itemscope\" itemtype=\"https:\/\/schema.org\/CreativeWork\" >    <div data-fake-id=\"#tab-id-2\" class=\"tab \"  itemprop=\"headline\" ><span class='tab_icon' aria-hidden='true' data-av_icon='\ue84d' data-av_iconfont='entypo-fontello'><\/span>Acuerdo N\u00b0 009-2019<\/div>\n    <div id=\"tab-id-2-container\" class=\"tab_content \">\n        <div class=\"tab_inner_content invers-color\"  itemprop=\"text\" >\n<p><a href=\"https:\/\/www.talentohumano.appcotecnova.es\/wp-content\/uploads\/2020\/11\/Acuerdos\/Acuerdo_Nro_009-2019-Reestructura-Escala-Salarial.PDF\" target=\"_blank\" rel=\"noopener\">Acuerdo N\u00b0 009-2019 Por medio de la cual se Reestructura la Escala Salarial de la Instituci\u00f3n<\/a><\/p>\n\n        <\/div>\n    <\/div>\n<\/section>\n\n<section class=\"av_tab_section\"  itemscope=\"itemscope\" itemtype=\"https:\/\/schema.org\/CreativeWork\" >    <div data-fake-id=\"#tab-id-3\" class=\"tab \"  itemprop=\"headline\" ><span class='tab_icon' aria-hidden='true' data-av_icon='\ue835' data-av_iconfont='entypo-fontello'><\/span>Acuerdo N\u00b0 016-2019<\/div>\n    <div id=\"tab-id-3-container\" class=\"tab_content \">\n        <div class=\"tab_inner_content invers-color\"  itemprop=\"text\" >\n<p><a href=\"https:\/\/www.talentohumano.appcotecnova.es\/wp-content\/uploads\/2020\/11\/Acuerdos\/Acuerdo_Nro_016-2019-Vr-Hora-Docente.PDF\" target=\"_blank\" rel=\"noopener\">Acuerdo N\u00b0 016-2019 Por medio de la Cual se define el Valor de Hora C\u00e1tedra Docentes Catedr\u00e1ticos<\/a><\/p>\n\n        <\/div>\n    <\/div>\n<\/section>\n\n<\/div>\n\n<div class=\"flex_column av_one_full  flex_column_div av-zero-column-padding first  \" style='border-radius:0px; '><div class='avia-image-container  av-styling-circle av-hover-grow   avia-align-center '  itemprop=\"ImageObject\" itemscope=\"itemscope\" itemtype=\"https:\/\/schema.org\/ImageObject\"  ><div class='avia-image-container-inner'><div class='avia-image-overlay-wrap'><img class='avia_image ' src='https:\/\/www.talentohumano.appcotecnova.es\/wp-content\/uploads\/2020\/12\/computer-icon-2384752_960_720-495x400.png' alt='' title='computer-icon-2384752_960_720' height=\"400\"width=\"495\"  itemprop=\"thumbnailUrl\"  \/><\/div><\/div><\/div><\/div>\n","protected":false},"excerpt":{"rendered":"","protected":false},"author":1,"featured_media":0,"parent":0,"menu_order":0,"comment_status":"closed","ping_status":"closed","template":"","meta":[],"_links":{"self":[{"href":"https:\/\/www.talentohumano.appcotecnova.es\/index.php\/wp-json\/wp\/v2\/pages\/489"}],"collection":[{"href":"https:\/\/www.talentohumano.appcotecnova.es\/index.php\/wp-json\/wp\/v2\/pages"}],"about":[{"href":"https:\/\/www.talentohumano.appcotecnova.es\/index.php\/wp-json\/wp\/v2\/types\/page"}],"author":[{"embeddable":true,"href":"https:\/\/www.talentohumano.appcotecnova.es\/index.php\/wp-json\/wp\/v2\/users\/1"}],"replies":[{"embeddable":true,"href":"https:\/\/www.talentohumano.appcotecnova.es\/index.php\/wp-json\/wp\/v2\/comments?post=489"}],"version-history":[{"count":31,"href":"https:\/\/www.talentohumano.appcotecnova.es\/index.php\/wp-json\/wp\/v2\/pages\/489\/revisions"}],"predecessor-version":[{"id":1464,"href":"https:\/\/www.talentohumano.appcotecnova.es\/index.php\/wp-json\/wp\/v2\/pages\/489\/revisions\/1464"}],"wp:attachment":[{"href":"https:\/\/www.talentohumano.appcotecnova.es\/index.php\/wp-json\/wp\/v2\/media?parent=489"}],"curies":[{"name":"wp","href":"https:\/\/api.w.org\/{rel}","templated":true}]}}